{"id":187,"date":"2025-01-22T17:54:30","date_gmt":"2025-01-22T16:54:30","guid":{"rendered":"https:\/\/undercove.fr\/camillesecret\/?page_id=187"},"modified":"2025-01-22T17:54:30","modified_gmt":"2025-01-22T16:54:30","slug":"politique-de-cookies","status":"publish","type":"page","link":"https:\/\/camillesecret.fr.nf\/index.php\/politique-de-cookies\/","title":{"rendered":"Politique de Cookies"},"content":{"rendered":"\n<p>Derni\u00e8re mise \u00e0 jour : 22\/01\/2025<\/p>\n\n\n\n<hr class=\"wp-block-separator has-alpha-channel-opacity\"\/>\n\n\n\n<p><strong>Bienvenue sur CamilleSecret !<\/strong><br>Nous utilisons des cookies et des technologies similaires pour garantir le bon fonctionnement de notre site, am\u00e9liorer votre exp\u00e9rience utilisateur, et analyser notre audience. Cette Politique de Cookies explique ce que sont les cookies, comment nous les utilisons, et comment vous pouvez g\u00e9rer vos pr\u00e9f\u00e9rences.<\/p>\n\n\n\n<hr class=\"wp-block-separator has-alpha-channel-opacity\"\/>\n\n\n\n<h3 class=\"wp-block-heading\"><strong>1. Qu\u2019est-ce qu\u2019un cookie ?<\/strong><\/h3>\n\n\n\n<p>Un cookie est un petit fichier texte d\u00e9pos\u00e9 sur votre appareil (ordinateur, smartphone, tablette) lorsque vous visitez un site web. Il permet de collecter des informations relatives \u00e0 votre navigation afin d&rsquo;am\u00e9liorer votre exp\u00e9rience ou de vous proposer des services adapt\u00e9s.<\/p>\n\n\n\n<hr class=\"wp-block-separator has-alpha-channel-opacity\"\/>\n\n\n\n<h3 class=\"wp-block-heading\"><strong>2. Types de cookies que nous utilisons<\/strong><\/h3>\n\n\n\n<p>Nous utilisons diff\u00e9rents types de cookies, chacun ayant une finalit\u00e9 sp\u00e9cifique :<\/p>\n\n\n\n<h4 class=\"wp-block-heading\"><strong>2.1 Cookies essentiels<\/strong><\/h4>\n\n\n\n<p>Ces cookies sont n\u00e9cessaires au bon fonctionnement du site et ne peuvent pas \u00eatre d\u00e9sactiv\u00e9s.<\/p>\n\n\n\n<ul class=\"wp-block-list\">\n<li>Exemples : gestion de votre session, paniers d\u2019achat, pr\u00e9f\u00e9rences de langue.<\/li>\n<\/ul>\n\n\n\n<h4 class=\"wp-block-heading\"><strong>2.2 Cookies analytiques<\/strong><\/h4>\n\n\n\n<p>Ces cookies nous aident \u00e0 comprendre comment les utilisateurs interagissent avec notre site en collectant des informations anonymes.<\/p>\n\n\n\n<ul class=\"wp-block-list\">\n<li>Exemple : Google Analytics (mesure de l\u2019audience).<\/li>\n<\/ul>\n\n\n\n<h4 class=\"wp-block-heading\"><strong>2.3 Cookies publicitaires et de ciblage<\/strong><\/h4>\n\n\n\n<p>Ces cookies sont utilis\u00e9s pour vous proposer des publicit\u00e9s personnalis\u00e9es en fonction de vos centres d\u2019int\u00e9r\u00eat.<\/p>\n\n\n\n<ul class=\"wp-block-list\">\n<li>Exemple : Cookies tiers provenant de r\u00e9gies publicitaires.<\/li>\n<\/ul>\n\n\n\n<h4 class=\"wp-block-heading\"><strong>2.4 Cookies de fonctionnalit\u00e9s<\/strong><\/h4>\n\n\n\n<p>Ces cookies permettent d\u2019am\u00e9liorer votre exp\u00e9rience en m\u00e9morisant vos pr\u00e9f\u00e9rences (langue, r\u00e9gion, etc.).<\/p>\n\n\n\n<h4 class=\"wp-block-heading\"><strong>2.5 Cookies tiers<\/strong><\/h4>\n\n\n\n<p>Certains cookies peuvent \u00eatre d\u00e9pos\u00e9s par des services tiers int\u00e9gr\u00e9s \u00e0 notre site, comme les r\u00e9seaux sociaux ou les vid\u00e9os embarqu\u00e9es.<\/p>\n\n\n\n<ul class=\"wp-block-list\">\n<li>Exemples : YouTube, Facebook, Instagram.<\/li>\n<\/ul>\n\n\n\n<hr class=\"wp-block-separator has-alpha-channel-opacity\"\/>\n\n\n\n<h3 class=\"wp-block-heading\"><strong>3. Gestion des cookies<\/strong><\/h3>\n\n\n\n<p>Lors de votre premi\u00e8re visite sur notre site, une banni\u00e8re de cookies s&rsquo;affiche pour recueillir votre consentement. Vous pouvez \u00e0 tout moment g\u00e9rer vos pr\u00e9f\u00e9rences via :<\/p>\n\n\n\n<ul class=\"wp-block-list\">\n<li>[Lien vers le gestionnaire de cookies de votre site].<\/li>\n\n\n\n<li>Les param\u00e8tres de votre navigateur.<\/li>\n<\/ul>\n\n\n\n<h4 class=\"wp-block-heading\">Voici comment configurer votre navigateur :<\/h4>\n\n\n\n<ul class=\"wp-block-list\">\n<li><strong>Google Chrome :<\/strong> <a>lien vers les instructions<\/a>.<\/li>\n\n\n\n<li><strong>Mozilla Firefox :<\/strong> <a href=\"https:\/\/support.mozilla.org\/fr\/kb\/effacer-les-cookies-pour-supprimer-les-informations\">lien vers les instructions<\/a>.<\/li>\n\n\n\n<li><strong>Safari :<\/strong> <a href=\"https:\/\/support.apple.com\/fr-fr\/guide\/safari\/sfri11471\/mac\">lien vers les instructions<\/a>.<\/li>\n\n\n\n<li><strong>Microsoft Edge :<\/strong> <a href=\"https:\/\/support.microsoft.com\/fr-fr\/microsoft-edge\/supprimer-les-cookies-dans-microsoft-edge-63947406-40ac-c3b8-57b9-2a946a29ae09\">lien vers les instructions<\/a>.<\/li>\n<\/ul>\n\n\n\n<hr class=\"wp-block-separator has-alpha-channel-opacity\"\/>\n\n\n\n<h3 class=\"wp-block-heading\"><strong>4. Dur\u00e9e de conservation des cookies<\/strong><\/h3>\n\n\n\n<p>Les cookies sont conserv\u00e9s pour une dur\u00e9e maximale de <strong>6 mois<\/strong>, sauf mention contraire dans la description des cookies. Une fois cette dur\u00e9e \u00e9coul\u00e9e, ils seront supprim\u00e9s automatiquement de votre appareil.<\/p>\n\n\n\n<hr class=\"wp-block-separator has-alpha-channel-opacity\"\/>\n\n\n\n<h3 class=\"wp-block-heading\"><strong>5. Partage des donn\u00e9es collect\u00e9es<\/strong><\/h3>\n\n\n\n<p>Certaines informations collect\u00e9es via les cookies peuvent \u00eatre partag\u00e9es avec des partenaires tiers (r\u00e9gies publicitaires, services analytiques) uniquement dans les limites autoris\u00e9es par la loi.<\/p>\n\n\n\n<hr class=\"wp-block-separator has-alpha-channel-opacity\"\/>\n\n\n\n<h3 class=\"wp-block-heading\"><strong>6. Mise \u00e0 jour de la Politique de Cookies<\/strong><\/h3>\n\n\n\n<p>Nous nous r\u00e9servons le droit de mettre \u00e0 jour cette politique pour refl\u00e9ter les changements l\u00e9gislatifs ou techniques. Consultez cette page r\u00e9guli\u00e8rement pour rester inform\u00e9.<\/p>\n\n\n\n<hr class=\"wp-block-separator has-alpha-channel-opacity\"\/>\n\n\n\n<p>Pour toute question ou demande li\u00e9e \u00e0 cette Politique de Cookies, vous pouvez nous contacter \u00e0 l\u2019adresse suivante : [Adresse e-mail].<\/p>\n\n\n\n<hr class=\"wp-block-separator has-alpha-channel-opacity\"\/>\n\n\n\n<p>Qu\u2019en penses-tu ? Si tu veux, je peux personnaliser davantage certains points pour ton site ! \ud83d\ude0a<\/p>\n","protected":false},"excerpt":{"rendered":"<p>Derni\u00e8re mise \u00e0 jour : 22\/01\/2025 Bienvenue sur CamilleSecret !Nous utilisons des cookies et des technologies similaires pour garantir le bon fonctionnement de notre site, am\u00e9liorer votre exp\u00e9rience utilisateur, et analyser notre audience. Cette Politique de Cookies explique ce que sont les cookies, comment nous les utilisons, et comment vous pouvez g\u00e9rer vos pr\u00e9f\u00e9rences. 1. &hellip; <\/p>\n","protected":false},"author":1,"featured_media":0,"parent":0,"menu_order":0,"comment_status":"closed","ping_status":"closed","template":"","meta":{"footnotes":""},"class_list":["post-187","page","type-page","status-publish","hentry"],"_links":{"self":[{"href":"https:\/\/camillesecret.fr.nf\/index.php\/wp-json\/wp\/v2\/pages\/187","targetHints":{"allow":["GET"]}}],"collection":[{"href":"https:\/\/camillesecret.fr.nf\/index.php\/wp-json\/wp\/v2\/pages"}],"about":[{"href":"https:\/\/camillesecret.fr.nf\/index.php\/wp-json\/wp\/v2\/types\/page"}],"author":[{"embeddable":true,"href":"https:\/\/camillesecret.fr.nf\/index.php\/wp-json\/wp\/v2\/users\/1"}],"replies":[{"embeddable":true,"href":"https:\/\/camillesecret.fr.nf\/index.php\/wp-json\/wp\/v2\/comments?post=187"}],"version-history":[{"count":1,"href":"https:\/\/camillesecret.fr.nf\/index.php\/wp-json\/wp\/v2\/pages\/187\/revisions"}],"predecessor-version":[{"id":188,"href":"https:\/\/camillesecret.fr.nf\/index.php\/wp-json\/wp\/v2\/pages\/187\/revisions\/188"}],"wp:attachment":[{"href":"https:\/\/camillesecret.fr.nf\/index.php\/wp-json\/wp\/v2\/media?parent=187"}],"curies":[{"name":"wp","href":"https:\/\/api.w.org\/{rel}","templated":true}]}}