{"id":153,"date":"2025-01-20T21:36:33","date_gmt":"2025-01-20T20:36:33","guid":{"rendered":"https:\/\/undercove.fr\/camillesecret\/?page_id=153"},"modified":"2025-01-20T21:36:49","modified_gmt":"2025-01-20T20:36:49","slug":"contact","status":"publish","type":"page","link":"https:\/\/camillesecret.fr.nf\/index.php\/contact\/","title":{"rendered":"Me contacter \ud83c\udf38"},"content":{"rendered":"\n<p>Une question, une id\u00e9e, ou juste une envie de papoter ? Vous \u00eates au bon endroit. Ce formulaire est votre porte d\u2019entr\u00e9e vers une r\u00e9ponse personnalis\u00e9e et pleine d\u2019attention. \u2728<\/p>\n\n\n\n<p>Laissez-moi un petit mot, et je promets de revenir vers vous d\u00e8s que possible. Apr\u00e8s tout, chaque message m\u00e9rite toute l\u2019attention qu\u2019il se doit\u2026 et un soup\u00e7on de charme pour y r\u00e9pondre comme il se doit. \ud83d\ude09<\/p>\n\n\n\n<p>\u00c0 vos claviers, j\u2019ai h\u00e2te de vous lire !<br><strong>Camille<\/strong><\/p>\n\n\n<div class=\"wpforms-container wpforms-container-full wpforms-block wpforms-block-7c1b98a9-91aa-401c-870f-744857210a02 wpforms-render-modern\" id=\"wpforms-147\"><form id=\"wpforms-form-147\" class=\"wpforms-validate wpforms-form wpforms-ajax-form\" data-formid=\"147\" method=\"post\" enctype=\"multipart\/form-data\" action=\"\/index.php\/wp-json\/wp\/v2\/pages\/153\" data-token=\"74727327da8d5e20c06a53645e905cea\" data-token-time=\"1778689112\"><noscript class=\"wpforms-error-noscript\">Veuillez activer JavaScript dans votre navigateur pour remplir ce formulaire.<\/noscript><div class=\"wpforms-hidden\" id=\"wpforms-error-noscript\">Veuillez activer JavaScript dans votre navigateur pour remplir ce formulaire.<\/div><div class=\"wpforms-field-container\"><div id=\"wpforms-147-field_1-container\" class=\"wpforms-field wpforms-field-name\" data-field-id=\"1\"><label class=\"wpforms-field-label\" for=\"wpforms-147-field_1\">Pr\u00e9nom <span class=\"wpforms-required-label\" aria-hidden=\"true\">*<\/span><\/label><input type=\"text\" id=\"wpforms-147-field_1\" class=\"wpforms-field-medium wpforms-field-required\" name=\"wpforms[fields][1]\" aria-errormessage=\"wpforms-147-field_1-error\" required><\/div><div id=\"wpforms-147-field_2-container\" class=\"wpforms-field wpforms-field-email\" data-field-id=\"2\"><label class=\"wpforms-field-label\" for=\"wpforms-147-field_2\">Email <span class=\"wpforms-required-label\" aria-hidden=\"true\">*<\/span><\/label><input type=\"email\" id=\"wpforms-147-field_2\" class=\"wpforms-field-medium wpforms-field-required\" name=\"wpforms[fields][2]\" spellcheck=\"false\" aria-errormessage=\"wpforms-147-field_2-error\" required><\/div><div id=\"wpforms-147-field_3-container\" class=\"wpforms-field wpforms-field-textarea\" data-field-id=\"3\"><label class=\"wpforms-field-label\" for=\"wpforms-147-field_3\">Votre message<\/label><textarea id=\"wpforms-147-field_3\" class=\"wpforms-field-medium\" name=\"wpforms[fields][3]\" aria-errormessage=\"wpforms-147-field_3-error\" ><\/textarea><\/div><\/div><!-- .wpforms-field-container --><div class=\"wpforms-submit-container\" ><input type=\"hidden\" name=\"wpforms[id]\" value=\"147\"><input type=\"hidden\" name=\"page_title\" value=\"\"><input type=\"hidden\" name=\"page_url\" value=\"https:\/\/camillesecret.fr.nf\/index.php\/wp-json\/wp\/v2\/pages\/153\"><button type=\"submit\" name=\"wpforms[submit]\" id=\"wpforms-submit-147\" class=\"wpforms-submit\" data-alt-text=\"En cours d&#039;envoi...\" data-submit-text=\"Envoyer\" aria-live=\"assertive\" value=\"wpforms-submit\">Envoyer<\/button><img loading=\"lazy\" decoding=\"async\" src=\"https:\/\/camillesecret.fr.nf\/wp-content\/plugins\/wpforms-lite\/assets\/images\/submit-spin.svg\" class=\"wpforms-submit-spinner\" style=\"display: none;\" width=\"26\" height=\"26\" alt=\"Chargement en cours\"><\/div><\/form><\/div>  <!-- .wpforms-container -->","protected":false},"excerpt":{"rendered":"<p>Une question, une id\u00e9e, ou juste une envie de papoter ? Vous \u00eates au bon endroit. Ce formulaire est votre porte d\u2019entr\u00e9e vers une r\u00e9ponse personnalis\u00e9e et pleine d\u2019attention. \u2728 Laissez-moi un petit mot, et je promets de revenir vers vous d\u00e8s que possible. Apr\u00e8s tout, chaque message m\u00e9rite toute l\u2019attention qu\u2019il se doit\u2026 et &hellip; <\/p>\n","protected":false},"author":1,"featured_media":0,"parent":0,"menu_order":0,"comment_status":"closed","ping_status":"closed","template":"","meta":{"footnotes":""},"class_list":["post-153","page","type-page","status-publish","hentry"],"_links":{"self":[{"href":"https:\/\/camillesecret.fr.nf\/index.php\/wp-json\/wp\/v2\/pages\/153","targetHints":{"allow":["GET"]}}],"collection":[{"href":"https:\/\/camillesecret.fr.nf\/index.php\/wp-json\/wp\/v2\/pages"}],"about":[{"href":"https:\/\/camillesecret.fr.nf\/index.php\/wp-json\/wp\/v2\/types\/page"}],"author":[{"embeddable":true,"href":"https:\/\/camillesecret.fr.nf\/index.php\/wp-json\/wp\/v2\/users\/1"}],"replies":[{"embeddable":true,"href":"https:\/\/camillesecret.fr.nf\/index.php\/wp-json\/wp\/v2\/comments?post=153"}],"version-history":[{"count":1,"href":"https:\/\/camillesecret.fr.nf\/index.php\/wp-json\/wp\/v2\/pages\/153\/revisions"}],"predecessor-version":[{"id":155,"href":"https:\/\/camillesecret.fr.nf\/index.php\/wp-json\/wp\/v2\/pages\/153\/revisions\/155"}],"wp:attachment":[{"href":"https:\/\/camillesecret.fr.nf\/index.php\/wp-json\/wp\/v2\/media?parent=153"}],"curies":[{"name":"wp","href":"https:\/\/api.w.org\/{rel}","templated":true}]}}